{"id":6,"date":"2021-07-07T14:08:39","date_gmt":"2021-07-07T12:08:39","guid":{"rendered":"http:\/\/lospincelesdetombombadil.es\/?page_id=2"},"modified":"2024-01-12T21:43:22","modified_gmt":"2024-01-12T21:43:22","slug":"inicio","status":"publish","type":"page","link":"https:\/\/lospincelesdetombombadil.es\/","title":{"rendered":"Partida y regreso"},"content":{"rendered":"\n<ul class=\"wp-block-social-links is-style-default is-layout-flex wp-block-social-links-is-layout-flex\"><li class=\"wp-social-link wp-social-link-instagram  wp-block-social-link\"><a href=\"https:\/\/www.instagram.com\/lospincelesdetombombadil\/\" class=\"wp-block-social-link-anchor\"><svg width=\"24\" height=\"24\" viewBox=\"0 0 24 24\" version=\"1.1\" xmlns=\"http:\/\/www.w3.org\/2000\/svg\" aria-hidden=\"true\" focusable=\"false\"><path d=\"M12,4.622c2.403,0,2.688,0.009,3.637,0.052c0.877,0.04,1.354,0.187,1.671,0.31c0.42,0.163,0.72,0.358,1.035,0.673 c0.315,0.315,0.51,0.615,0.673,1.035c0.123,0.317,0.27,0.794,0.31,1.671c0.043,0.949,0.052,1.234,0.052,3.637 s-0.009,2.688-0.052,3.637c-0.04,0.877-0.187,1.354-0.31,1.671c-0.163,0.42-0.358,0.72-0.673,1.035 c-0.315,0.315-0.615,0.51-1.035,0.673c-0.317,0.123-0.794,0.27-1.671,0.31c-0.949,0.043-1.233,0.052-3.637,0.052 s-2.688-0.009-3.637-0.052c-0.877-0.04-1.354-0.187-1.671-0.31c-0.42-0.163-0.72-0.358-1.035-0.673 c-0.315-0.315-0.51-0.615-0.673-1.035c-0.123-0.317-0.27-0.794-0.31-1.671C4.631,14.688,4.622,14.403,4.622,12 s0.009-2.688,0.052-3.637c0.04-0.877,0.187-1.354,0.31-1.671c0.163-0.42,0.358-0.72,0.673-1.035 c0.315-0.315,0.615-0.51,1.035-0.673c0.317-0.123,0.794-0.27,1.671-0.31C9.312,4.631,9.597,4.622,12,4.622 M12,3 C9.556,3,9.249,3.01,8.289,3.054C7.331,3.098,6.677,3.25,6.105,3.472C5.513,3.702,5.011,4.01,4.511,4.511 c-0.5,0.5-0.808,1.002-1.038,1.594C3.25,6.677,3.098,7.331,3.054,8.289C3.01,9.249,3,9.556,3,12c0,2.444,0.01,2.751,0.054,3.711 c0.044,0.958,0.196,1.612,0.418,2.185c0.23,0.592,0.538,1.094,1.038,1.594c0.5,0.5,1.002,0.808,1.594,1.038 c0.572,0.222,1.227,0.375,2.185,0.418C9.249,20.99,9.556,21,12,21s2.751-0.01,3.711-0.054c0.958-0.044,1.612-0.196,2.185-0.418 c0.592-0.23,1.094-0.538,1.594-1.038c0.5-0.5,0.808-1.002,1.038-1.594c0.222-0.572,0.375-1.227,0.418-2.185 C20.99,14.751,21,14.444,21,12s-0.01-2.751-0.054-3.711c-0.044-0.958-0.196-1.612-0.418-2.185c-0.23-0.592-0.538-1.094-1.038-1.594 c-0.5-0.5-1.002-0.808-1.594-1.038c-0.572-0.222-1.227-0.375-2.185-0.418C14.751,3.01,14.444,3,12,3L12,3z M12,7.378 c-2.552,0-4.622,2.069-4.622,4.622S9.448,16.622,12,16.622s4.622-2.069,4.622-4.622S14.552,7.378,12,7.378z M12,15 c-1.657,0-3-1.343-3-3s1.343-3,3-3s3,1.343,3,3S13.657,15,12,15z M16.804,6.116c-0.596,0-1.08,0.484-1.08,1.08 s0.484,1.08,1.08,1.08c0.596,0,1.08-0.484,1.08-1.08S17.401,6.116,16.804,6.116z\"><\/path><\/svg><span class=\"wp-block-social-link-label screen-reader-text\">Instagram<\/span><\/a><\/li>\n\n<li class=\"wp-social-link wp-social-link-facebook  wp-block-social-link\"><a href=\"https:\/\/www.facebook.com\/Los-pinceles-de-Tom-Bombadil-2186082868318874\" class=\"wp-block-social-link-anchor\"><svg width=\"24\" height=\"24\" viewBox=\"0 0 24 24\" version=\"1.1\" xmlns=\"http:\/\/www.w3.org\/2000\/svg\" aria-hidden=\"true\" focusable=\"false\"><path d=\"M12 2C6.5 2 2 6.5 2 12c0 5 3.7 9.1 8.4 9.9v-7H7.9V12h2.5V9.8c0-2.5 1.5-3.9 3.8-3.9 1.1 0 2.2.2 2.2.2v2.5h-1.3c-1.2 0-1.6.8-1.6 1.6V12h2.8l-.4 2.9h-2.3v7C18.3 21.1 22 17 22 12c0-5.5-4.5-10-10-10z\"><\/path><\/svg><span class=\"wp-block-social-link-label screen-reader-text\">Facebook<\/span><\/a><\/li>\n\n<li class=\"wp-social-link wp-social-link-twitch  wp-block-social-link\"><a href=\"https:\/\/www.twitch.tv\/lospincelesdetombombadil\" class=\"wp-block-social-link-anchor\"><svg width=\"24\" height=\"24\" viewBox=\"0 0 24 24\" version=\"1.1\" xmlns=\"http:\/\/www.w3.org\/2000\/svg\" aria-hidden=\"true\" focusable=\"false\"><path d=\"M16.499,8.089h-1.636v4.91h1.636V8.089z M12,8.089h-1.637v4.91H12V8.089z M4.228,3.178L3,6.451v13.092h4.499V22h2.456 l2.454-2.456h3.681L21,14.636V3.178H4.228z M19.364,13.816l-2.864,2.865H12l-2.453,2.453V16.68H5.863V4.814h13.501V13.816z\"><\/path><\/svg><span class=\"wp-block-social-link-label screen-reader-text\">Twitch<\/span><\/a><\/li>\n\n<li class=\"wp-social-link wp-social-link-youtube  wp-block-social-link\"><a href=\"https:\/\/www.youtube.com\/channel\/UCauAwSlA1np8NT6yWS2Z2Tg\" class=\"wp-block-social-link-anchor\"><svg width=\"24\" height=\"24\" viewBox=\"0 0 24 24\" version=\"1.1\" xmlns=\"http:\/\/www.w3.org\/2000\/svg\" aria-hidden=\"true\" focusable=\"false\"><path d=\"M21.8,8.001c0,0-0.195-1.378-0.795-1.985c-0.76-0.797-1.613-0.801-2.004-0.847c-2.799-0.202-6.997-0.202-6.997-0.202 h-0.009c0,0-4.198,0-6.997,0.202C4.608,5.216,3.756,5.22,2.995,6.016C2.395,6.623,2.2,8.001,2.2,8.001S2,9.62,2,11.238v1.517 c0,1.618,0.2,3.237,0.2,3.237s0.195,1.378,0.795,1.985c0.761,0.797,1.76,0.771,2.205,0.855c1.6,0.153,6.8,0.201,6.8,0.201 s4.203-0.006,7.001-0.209c0.391-0.047,1.243-0.051,2.004-0.847c0.6-0.607,0.795-1.985,0.795-1.985s0.2-1.618,0.2-3.237v-1.517 C22,9.62,21.8,8.001,21.8,8.001z M9.935,14.594l-0.001-5.62l5.404,2.82L9.935,14.594z\"><\/path><\/svg><span class=\"wp-block-social-link-label screen-reader-text\">YouTube<\/span><\/a><\/li><\/ul>\n\n\n\n<p class=\"has-drop-cap\">Lo primero de todo, me gustar\u00eda agradecerte tu visita a mi blog &#8220;<strong>Los Pinceles de Tom Bombadil<\/strong>&#8220;, aqu\u00ed es donde paso el tiempo (mi mujer cambia el verbo &#8220;pasar&#8221; por &#8220;perder&#8221;) pintando figuritas y comparti\u00e9ndolas con vosotros. Me gusta hacerlo para motivarme pero sobre todo lo hago para intentar ser mas organizado y poder acordarme que esquema de colores utilic\u00e9 cuando pint\u00e9 aquellos soldados de Rohan de hace 6 meses&#8230; t\u00fa sabes&#8230;.<\/p>\n\n\n\n<p>En Los Pinceles de Tom Bombadil encontrar\u00e9is todos mis <strong> <a href=\"https:\/\/lospincelesdetombombadil.es\/index.php\/category\/tutoriales-de-pintura\/\" target=\"_blank\" rel=\"noreferrer noopener\">tutoriales de pintura<\/a> <\/strong> y todos los <strong><a href=\"https:\/\/lospincelesdetombombadil.es\/index.php\/category\/grandes-proyectos\/\" target=\"_blank\" rel=\"noreferrer noopener\">grandes proyectos<\/a><\/strong> que voy haciendo en torno a mi pasi\u00f3n, los wargames y El Se\u00f1or de los Anillos. Mi intenci\u00f3n es documentar todo lo que hago para como ya he dicho, no olvidar nada, pero tambi\u00e9n con la intenci\u00f3n de poder ayudar a toda la gente nueva que se acaba de iniciar en este hobby.<\/p>\n\n\n\n<h2 class=\"wp-block-heading\">Sobre mi<\/h2>\n\n\n\n<div class=\"wp-block-columns is-layout-flex wp-container-core-columns-is-layout-9d6595d7 wp-block-columns-is-layout-flex\">\n<div class=\"wp-block-column is-vertically-aligned-center is-layout-flow wp-block-column-is-layout-flow\" style=\"flex-basis:33.33%\">\n<figure class=\"wp-block-image size-large is-style-default\"><img loading=\"lazy\" decoding=\"async\" width=\"717\" height=\"1024\" src=\"http:\/\/lospincelesdetombombadil.es\/wp-content\/uploads\/2021\/08\/photo_2021-08-18_13-05-21-1-717x1024.jpg\" alt=\"\" class=\"wp-image-322\" srcset=\"https:\/\/lospincelesdetombombadil.es\/wp-content\/uploads\/2021\/08\/photo_2021-08-18_13-05-21-1-717x1024.jpg 717w, https:\/\/lospincelesdetombombadil.es\/wp-content\/uploads\/2021\/08\/photo_2021-08-18_13-05-21-1-210x300.jpg 210w, https:\/\/lospincelesdetombombadil.es\/wp-content\/uploads\/2021\/08\/photo_2021-08-18_13-05-21-1.jpg 720w\" sizes=\"auto, (max-width: 717px) 100vw, 717px\" \/><\/figure>\n<\/div>\n\n\n\n<div class=\"wp-block-column is-vertically-aligned-center is-layout-flow wp-block-column-is-layout-flow\" style=\"flex-basis:66.66%\">\n<p> Me llamo Jos\u00e9 Pag\u00e1n (Pepe) y nac\u00ed en Murcia por Octubre de 1989. Llevo pintando figuritas desde los 14 a\u00f1os, mas o menos cuando salieron los maravillosos fasc\u00edculos de Planeta De Agostini de El Se\u00f1or de los Anillos. Podr\u00edais pensar que llevo pintando figuras mas de la mitad de mi vida, pero la verdad es que he ido con altibajos dejando y volviendo a coger los pinceles a rachas. <\/p>\n<\/div>\n<\/div>\n\n\n\n<div class=\"wp-block-media-text alignwide has-media-on-the-right is-stacked-on-mobile\" style=\"grid-template-columns:auto 25%\"><div class=\"wp-block-media-text__content\">\n<p class=\"has-small-font-size\">Colecci\u00f3n que se lanz\u00f3 en el a\u00f1o 2003 y enamor\u00f3 a toda una generaci\u00f3n, la edici\u00f3n espa\u00f1ola constaba de 65 n\u00fameros. La edici\u00f3n inglesa estaba compuesta por 91 n\u00fameros, y tres n\u00fameros especiales dedicados a las tres pel\u00edculas.<\/p>\n<\/div><figure class=\"wp-block-media-text__media\"><img decoding=\"async\" src=\"https:\/\/lospincelesdetombombadil.es\/wp-content\/uploads\/2021\/08\/planeta_esdla_coleccionable_1.jpg\" alt=\"Fasc\u00edculos de El Se\u00f1or de los Anillos.\" class=\"wp-image-306 size-full\"\/><\/figure><\/div>\n\n\n\n<h2 class=\"wp-block-heading\"><br>\u00bfPor qu\u00e9 Los Pinceles de Tom Bombadil?<\/h2>\n\n\n\n<p>Pues el origen del nombre viene a ra\u00edz de leerme el libro de El Se\u00f1or de los Anillos y descubrir \u00e9ste fant\u00e1stico personaje que nuestro amigo Peter Jackson dej\u00f3 en el banquillo en su adaptaci\u00f3n al cine (no te lo perdonar\u00e9 jam\u00e1s Peter). Me pareci\u00f3 un personaje con un carisma \u00fanico y adopt\u00e9 su nombre como nombre &#8220;art\u00edstico&#8221; acompa\u00f1\u00e1ndolo de &#8220;Los Pinceles de Tom Bombadil&#8221;.<\/p>\n\n\n\n<figure class=\"wp-block-image size-large is-resized is-style-default\"><img loading=\"lazy\" decoding=\"async\" width=\"1024\" height=\"262\" src=\"http:\/\/lospincelesdetombombadil.es\/wp-content\/uploads\/2021\/08\/TOM-BOMBADILL-FIRMA_SIN-1-1024x262.png\" alt=\"\" class=\"wp-image-319\" style=\"width:768px;height:197px\" srcset=\"https:\/\/lospincelesdetombombadil.es\/wp-content\/uploads\/2021\/08\/TOM-BOMBADILL-FIRMA_SIN-1-1024x262.png 1024w, https:\/\/lospincelesdetombombadil.es\/wp-content\/uploads\/2021\/08\/TOM-BOMBADILL-FIRMA_SIN-1-300x77.png 300w, https:\/\/lospincelesdetombombadil.es\/wp-content\/uploads\/2021\/08\/TOM-BOMBADILL-FIRMA_SIN-1-768x196.png 768w, https:\/\/lospincelesdetombombadil.es\/wp-content\/uploads\/2021\/08\/TOM-BOMBADILL-FIRMA_SIN-1-1536x393.png 1536w, https:\/\/lospincelesdetombombadil.es\/wp-content\/uploads\/2021\/08\/TOM-BOMBADILL-FIRMA_SIN-1-2048x524.png 2048w\" sizes=\"auto, (max-width: 1024px) 100vw, 1024px\" \/><\/figure>\n\n\n\n<hr class=\"wp-block-separator has-css-opacity\"\/>\n\n\n\n<p>Si\u00e9ntete libre de comentar cualquier publicaci\u00f3n y dejar tus impresiones, as\u00ed como tus ideas para nuevo contenido, espero que os sea de utilidad todo lo que vaya colgando por aqu\u00ed y&#8230; \u00a1a pintar!<\/p>\n","protected":false},"excerpt":{"rendered":"<p>Lo primero de todo, me gustar\u00eda agradecerte tu visita a mi blog &#8220;Los Pinceles de Tom Bombadil&#8220;, aqu\u00ed es donde paso el tiempo (mi mujer&hellip;<\/p>\n","protected":false},"author":1,"featured_media":0,"parent":0,"menu_order":0,"comment_status":"closed","ping_status":"closed","template":"","meta":{"_monsterinsights_skip_tracking":false,"_monsterinsights_sitenote_active":false,"_monsterinsights_sitenote_note":"","_monsterinsights_sitenote_category":0,"footnotes":""},"class_list":["post-6","page","type-page","status-publish","hentry"],"yoast_head":"<!-- This site is optimized with the Yoast SEO plugin v21.8 - https:\/\/yoast.com\/wordpress\/plugins\/seo\/ -->\n<title>Blog - Partida y regreso - Los Pinceles de Tom Bombadil<\/title>\n<meta name=\"description\" content=\"Los Pinceles de Tom Bombadil - Blog dedicado a la pintura de miniaturas y wargames, tutoriales y grandes proyectos sobre El Se\u00f1or de los Anillos.\" \/>\n<meta name=\"robots\" content=\"index, follow, max-snippet:-1, max-image-preview:large, max-video-preview:-1\" \/>\n<link rel=\"canonical\" href=\"http:\/\/lospincelesdetombombadil.es\/\" \/>\n<meta property=\"og:locale\" content=\"en_US\" \/>\n<meta property=\"og:type\" content=\"article\" \/>\n<meta property=\"og:title\" content=\"Blog - Partida y regreso - Los Pinceles de Tom Bombadil\" \/>\n<meta property=\"og:description\" content=\"Los Pinceles de Tom Bombadil - Blog dedicado a la pintura de miniaturas y wargames, tutoriales y grandes proyectos sobre El Se\u00f1or de los Anillos.\" \/>\n<meta property=\"og:url\" content=\"http:\/\/lospincelesdetombombadil.es\/\" \/>\n<meta property=\"og:site_name\" content=\"Los Pinceles de Tom Bombadil\" \/>\n<meta property=\"article:modified_time\" content=\"2024-01-12T21:43:22+00:00\" \/>\n<meta property=\"og:image\" content=\"http:\/\/lospincelesdetombombadil.es\/wp-content\/uploads\/2021\/08\/photo_2021-08-18_13-05-21-1-717x1024.jpg\" \/>\n<meta name=\"twitter:card\" content=\"summary_large_image\" \/>\n<meta name=\"twitter:label1\" content=\"Est. reading time\" \/>\n\t<meta name=\"twitter:data1\" content=\"3 minutes\" \/>\n<script type=\"application\/ld+json\" class=\"yoast-schema-graph\">{\"@context\":\"https:\/\/schema.org\",\"@graph\":[{\"@type\":\"WebPage\",\"@id\":\"http:\/\/lospincelesdetombombadil.es\/\",\"url\":\"http:\/\/lospincelesdetombombadil.es\/\",\"name\":\"Blog - Partida y regreso - Los Pinceles de Tom Bombadil\",\"isPartOf\":{\"@id\":\"http:\/\/lospincelesdetombombadil.es\/#website\"},\"datePublished\":\"2021-07-07T12:08:39+00:00\",\"dateModified\":\"2024-01-12T21:43:22+00:00\",\"description\":\"Los Pinceles de Tom Bombadil - Blog dedicado a la pintura de miniaturas y wargames, tutoriales y grandes proyectos sobre El Se\u00f1or de los Anillos.\",\"breadcrumb\":{\"@id\":\"http:\/\/lospincelesdetombombadil.es\/#breadcrumb\"},\"inLanguage\":\"en-US\",\"potentialAction\":[{\"@type\":\"ReadAction\",\"target\":[\"http:\/\/lospincelesdetombombadil.es\/\"]}]},{\"@type\":\"BreadcrumbList\",\"@id\":\"http:\/\/lospincelesdetombombadil.es\/#breadcrumb\",\"itemListElement\":[{\"@type\":\"ListItem\",\"position\":1,\"name\":\"Portada\",\"item\":\"http:\/\/lospincelesdetombombadil.es\/\"},{\"@type\":\"ListItem\",\"position\":2,\"name\":\"Partida y regreso\"}]},{\"@type\":\"WebSite\",\"@id\":\"http:\/\/lospincelesdetombombadil.es\/#website\",\"url\":\"http:\/\/lospincelesdetombombadil.es\/\",\"name\":\"Los Pinceles de Tom Bombadil\",\"description\":\"Sitio web dedicado a la pintura y colecci\u00f3n del wargame de El Se\u00f1or de los Anillos\",\"publisher\":{\"@id\":\"http:\/\/lospincelesdetombombadil.es\/#\/schema\/person\/23192ab65806d7363dae858f027cb6af\"},\"potentialAction\":[{\"@type\":\"SearchAction\",\"target\":{\"@type\":\"EntryPoint\",\"urlTemplate\":\"http:\/\/lospincelesdetombombadil.es\/?s={search_term_string}\"},\"query-input\":\"required name=search_term_string\"}],\"inLanguage\":\"en-US\"},{\"@type\":[\"Person\",\"Organization\"],\"@id\":\"http:\/\/lospincelesdetombombadil.es\/#\/schema\/person\/23192ab65806d7363dae858f027cb6af\",\"name\":\"TomBombadil\",\"image\":{\"@type\":\"ImageObject\",\"inLanguage\":\"en-US\",\"@id\":\"http:\/\/lospincelesdetombombadil.es\/#\/schema\/person\/image\/\",\"url\":\"https:\/\/lospincelesdetombombadil.es\/wp-content\/uploads\/2021\/08\/TOM-1.png\",\"contentUrl\":\"https:\/\/lospincelesdetombombadil.es\/wp-content\/uploads\/2021\/08\/TOM-1.png\",\"width\":2474,\"height\":2474,\"caption\":\"TomBombadil\"},\"logo\":{\"@id\":\"http:\/\/lospincelesdetombombadil.es\/#\/schema\/person\/image\/\"},\"sameAs\":[\"http:\/\/lospincelesdetombombadil.es\"]}]}<\/script>\n<!-- \/ Yoast SEO plugin. -->","yoast_head_json":{"title":"Blog - Partida y regreso - Los Pinceles de Tom Bombadil","description":"Los Pinceles de Tom Bombadil - Blog dedicado a la pintura de miniaturas y wargames, tutoriales y grandes proyectos sobre El Se\u00f1or de los Anillos.","robots":{"index":"index","follow":"follow","max-snippet":"max-snippet:-1","max-image-preview":"max-image-preview:large","max-video-preview":"max-video-preview:-1"},"canonical":"http:\/\/lospincelesdetombombadil.es\/","og_locale":"en_US","og_type":"article","og_title":"Blog - Partida y regreso - Los Pinceles de Tom Bombadil","og_description":"Los Pinceles de Tom Bombadil - Blog dedicado a la pintura de miniaturas y wargames, tutoriales y grandes proyectos sobre El Se\u00f1or de los Anillos.","og_url":"http:\/\/lospincelesdetombombadil.es\/","og_site_name":"Los Pinceles de Tom Bombadil","article_modified_time":"2024-01-12T21:43:22+00:00","og_image":[{"url":"http:\/\/lospincelesdetombombadil.es\/wp-content\/uploads\/2021\/08\/photo_2021-08-18_13-05-21-1-717x1024.jpg"}],"twitter_card":"summary_large_image","twitter_misc":{"Est. reading time":"3 minutes"},"schema":{"@context":"https:\/\/schema.org","@graph":[{"@type":"WebPage","@id":"http:\/\/lospincelesdetombombadil.es\/","url":"http:\/\/lospincelesdetombombadil.es\/","name":"Blog - Partida y regreso - Los Pinceles de Tom Bombadil","isPartOf":{"@id":"http:\/\/lospincelesdetombombadil.es\/#website"},"datePublished":"2021-07-07T12:08:39+00:00","dateModified":"2024-01-12T21:43:22+00:00","description":"Los Pinceles de Tom Bombadil - Blog dedicado a la pintura de miniaturas y wargames, tutoriales y grandes proyectos sobre El Se\u00f1or de los Anillos.","breadcrumb":{"@id":"http:\/\/lospincelesdetombombadil.es\/#breadcrumb"},"inLanguage":"en-US","potentialAction":[{"@type":"ReadAction","target":["http:\/\/lospincelesdetombombadil.es\/"]}]},{"@type":"BreadcrumbList","@id":"http:\/\/lospincelesdetombombadil.es\/#breadcrumb","itemListElement":[{"@type":"ListItem","position":1,"name":"Portada","item":"http:\/\/lospincelesdetombombadil.es\/"},{"@type":"ListItem","position":2,"name":"Partida y regreso"}]},{"@type":"WebSite","@id":"http:\/\/lospincelesdetombombadil.es\/#website","url":"http:\/\/lospincelesdetombombadil.es\/","name":"Los Pinceles de Tom Bombadil","description":"Sitio web dedicado a la pintura y colecci\u00f3n del wargame de El Se\u00f1or de los Anillos","publisher":{"@id":"http:\/\/lospincelesdetombombadil.es\/#\/schema\/person\/23192ab65806d7363dae858f027cb6af"},"potentialAction":[{"@type":"SearchAction","target":{"@type":"EntryPoint","urlTemplate":"http:\/\/lospincelesdetombombadil.es\/?s={search_term_string}"},"query-input":"required name=search_term_string"}],"inLanguage":"en-US"},{"@type":["Person","Organization"],"@id":"http:\/\/lospincelesdetombombadil.es\/#\/schema\/person\/23192ab65806d7363dae858f027cb6af","name":"TomBombadil","image":{"@type":"ImageObject","inLanguage":"en-US","@id":"http:\/\/lospincelesdetombombadil.es\/#\/schema\/person\/image\/","url":"https:\/\/lospincelesdetombombadil.es\/wp-content\/uploads\/2021\/08\/TOM-1.png","contentUrl":"https:\/\/lospincelesdetombombadil.es\/wp-content\/uploads\/2021\/08\/TOM-1.png","width":2474,"height":2474,"caption":"TomBombadil"},"logo":{"@id":"http:\/\/lospincelesdetombombadil.es\/#\/schema\/person\/image\/"},"sameAs":["http:\/\/lospincelesdetombombadil.es"]}]}},"_links":{"self":[{"href":"https:\/\/lospincelesdetombombadil.es\/index.php\/wp-json\/wp\/v2\/pages\/6","targetHints":{"allow":["GET"]}}],"collection":[{"href":"https:\/\/lospincelesdetombombadil.es\/index.php\/wp-json\/wp\/v2\/pages"}],"about":[{"href":"https:\/\/lospincelesdetombombadil.es\/index.php\/wp-json\/wp\/v2\/types\/page"}],"author":[{"embeddable":true,"href":"https:\/\/lospincelesdetombombadil.es\/index.php\/wp-json\/wp\/v2\/users\/1"}],"replies":[{"embeddable":true,"href":"https:\/\/lospincelesdetombombadil.es\/index.php\/wp-json\/wp\/v2\/comments?post=6"}],"version-history":[{"count":2,"href":"https:\/\/lospincelesdetombombadil.es\/index.php\/wp-json\/wp\/v2\/pages\/6\/revisions"}],"predecessor-version":[{"id":426,"href":"https:\/\/lospincelesdetombombadil.es\/index.php\/wp-json\/wp\/v2\/pages\/6\/revisions\/426"}],"wp:attachment":[{"href":"https:\/\/lospincelesdetombombadil.es\/index.php\/wp-json\/wp\/v2\/media?parent=6"}],"curies":[{"name":"wp","href":"https:\/\/api.w.org\/{rel}","templated":true}]}}